{"id":20,"date":"2014-09-03T23:53:10","date_gmt":"2014-09-03T22:53:10","guid":{"rendered":"https:\/\/spaseni.info\/wordpress\/?page_id=20"},"modified":"2017-09-14T13:30:44","modified_gmt":"2017-09-14T11:30:44","slug":"aktuality","status":"publish","type":"page","link":"https:\/\/spaseni.info\/wordpress\/aktuality","title":{"rendered":"Aktuality"},"content":{"rendered":"<p><code>\r\n<div id=\"mc-cb957b0c9ce9ca6506d605f7b2a31db9\" class=\"mc-main mcjs listjs gridjs minijs ajaxjs twentyfourteen list month mc-cb957b0c9ce9ca6506d605f7b2a31db9\" ><h2 id=\"mc_head_mc-cb957b0c9ce9ca6506d605f7b2a31db9\" class=\"heading my-calendar-month\"><span>Ud\u00e1losti na Duben 2026\n<\/span><\/h2>\n\n<nav aria-label=\"Calendar (top)\">\n<div class=\"my-calendar-header\">\r\n\t\t<div class=\"my-calendar-nav\">\r\n\t\t\t<ul>\r\n\t\t\t\t<li class=\"my-calendar-prev\"><a id=\"mc_previous_mc-cb957b0c9ce9ca6506d605f7b2a31db9\" href=\"https:\/\/spaseni.info\/wordpress\/aktuality?yr=2026&#038;month=3&#038;dy&#038;cid=mc-cb957b0c9ce9ca6506d605f7b2a31db9\" rel=\"nofollow\">P\u0159edch.<\/a><\/li><li class=\"my-calendar-today\"><span class=\"mc-active\" id=\"mc_today_mc-cb957b0c9ce9ca6506d605f7b2a31db9\" tabindex=\"-1\">Dnes<\/span><\/li><li class=\"my-calendar-next\"><a id=\"mc_next_mc-cb957b0c9ce9ca6506d605f7b2a31db9\" href=\"https:\/\/spaseni.info\/wordpress\/aktuality?yr=2026&#038;month=5&#038;dy&#038;cid=mc-cb957b0c9ce9ca6506d605f7b2a31db9\" rel=\"nofollow\">Dal\u0161\u00ed<\/a><\/li>\r\n\t\t\t<\/ul>\r\n\t\t<\/div><\/div>\n<\/nav>\n<div class=\"mc-content\"><ul id='list-mc-cb957b0c9ce9ca6506d605f7b2a31db9' class='mc-list'><li class='mc-events no-events'>Na toto obdob\u00ed nejsou napl\u00e1nov\u00e1ny \u017e\u00e1dn\u00e9 ud\u00e1losti.<\/li>\n<\/ul><\/div><!-- .mc-content -->\n<nav aria-label=\"Calendar (bottom)\">\n<div class=\"mc_bottomnav my-calendar-footer\"><div class='mc-print'><a id='mc_print-mc-cb957b0c9ce9ca6506d605f7b2a31db9' href='https:\/\/spaseni.info\/wordpress?time=month&#038;yr=2026&#038;month=04&#038;dy=1&#038;href=https%3A%2F%2Fspaseni.info%2Fwordpress%2Fwp-json%2Fwp%2Fv2%2Fpages%2F20%2F&#038;format=list&#038;cid=mc-print-view'><span class=\"maybe-hide\">Zobrazen\u00ed <\/span>pro tisk<\/a><\/div><\/div>\n<\/nav>\n\r\n<\/div><\/code><\/p>\n","protected":false},"excerpt":{"rendered":"","protected":false},"author":1,"featured_media":0,"parent":0,"menu_order":2,"comment_status":"open","ping_status":"open","template":"","meta":{"footnotes":"","_mc_calendar":[]},"_links":{"self":[{"href":"https:\/\/spaseni.info\/wordpress\/wp-json\/wp\/v2\/pages\/20"}],"collection":[{"href":"https:\/\/spaseni.info\/wordpress\/wp-json\/wp\/v2\/pages"}],"about":[{"href":"https:\/\/spaseni.info\/wordpress\/wp-json\/wp\/v2\/types\/page"}],"author":[{"embeddable":true,"href":"https:\/\/spaseni.info\/wordpress\/wp-json\/wp\/v2\/users\/1"}],"replies":[{"embeddable":true,"href":"https:\/\/spaseni.info\/wordpress\/wp-json\/wp\/v2\/comments?post=20"}],"version-history":[{"count":3,"href":"https:\/\/spaseni.info\/wordpress\/wp-json\/wp\/v2\/pages\/20\/revisions"}],"predecessor-version":[{"id":101,"href":"https:\/\/spaseni.info\/wordpress\/wp-json\/wp\/v2\/pages\/20\/revisions\/101"}],"wp:attachment":[{"href":"https:\/\/spaseni.info\/wordpress\/wp-json\/wp\/v2\/media?parent=20"}],"curies":[{"name":"wp","href":"https:\/\/api.w.org\/{rel}","templated":true}]}}