{"id":109,"date":"2014-11-27T14:58:12","date_gmt":"2014-11-27T13:58:12","guid":{"rendered":"https:\/\/spaseni.info\/wordpress\/?page_id=109"},"modified":"2014-12-09T12:01:51","modified_gmt":"2014-12-09T11:01:51","slug":"co-vyznavame-a-komu-verime","status":"publish","type":"page","link":"https:\/\/spaseni.info\/wordpress\/o-nas\/co-vyznavame-a-komu-verime","title":{"rendered":"Co vyzn\u00e1v\u00e1me a Komu v\u011b\u0159\u00edme"},"content":{"rendered":"<h4>\u010cesky:<\/h4>\n<ol style=\"list-style-type: lower-greek;\">\n<li>B\u016fh je svrchovan\u00fdm stvo\u0159itelem cel\u00e9ho vesm\u00edru, rostlin, zv\u00ed\u0159at a duchovn\u00edch bytost\u00ed. \u0160est\u00e9ho dne B\u016fh stvo\u0159il \u010dlov\u011bka ke Sv\u00e9mu obrazu. B\u016fh je v\u0161ev\u011bdouc\u00ed, v\u0161emohouc\u00ed, svat\u00fd, spravedliv\u00fd a\u00a0 nesm\u00edrn\u011b miluj\u00edc\u00ed. Existuje ve t\u0159ech osob\u00e1ch stejn\u00e9 podstaty\u00a0 \u2013 Otec, Syn a Duch Svat\u00fd.<\/li>\n<li>Je\u017e\u00ed\u0161 je druhou osobou Trojice (Syn). Dobrovoln\u011b p\u0159ijal svou pozemskou \u00falohu. Narodil se pann\u011b Marii jako Mesi\u00e1\u0161\u00a0 (Kristus). \u017dil bezh\u0159\u00ed\u0161n\u00fd poslu\u0161n\u00fd \u017eivot, vzdoroval \u010f\u00e1blu, u\u010dinil nesl\u00fdchan\u00e9 z\u00e1zraky (kter\u00e9 dok\u00e1zaly, \u017ee je B\u016fh) a p\u0159ijal smrt na k\u0159\u00ed\u017ei m\u00edsto n\u00e1s. T\u0159et\u00edho dne byl vzk\u0159\u00ed\u0161en z mrtv\u00fdch a sed\u00ed v Nebi po pravici Boha Otce. Aby naplnil svou \u00falohu je jeho vt\u011blen\u00ed pln\u011b Bo\u017esk\u00e9 a z\u00e1rove\u0148 pln\u011b lidsk\u00e9 (aby mohl b\u00fdt na\u0161\u00edm p\u0159\u00edbuzn\u00fdm vykupitelem).<\/li>\n<li>Bible je Bo\u017e\u00ed Slovo, spolehliv\u00e9 a neomyln\u00e9.\u00a0<span id=\"v15\" class=\"cv\"><\/span><span id=\"v16\" class=\"cv\"><em>Ve\u0161ker\u00e9 P\u00edsmo je vdechnut\u00e9 Bohem a je u\u017eite\u010dn\u00e9 k u\u010den\u00ed, k usv\u011bd\u010dov\u00e1n\u00ed, k napravov\u00e1n\u00ed, k v\u00fdchov\u011b ve spravedlnosti,\u00a0<\/em><\/span><em><span id=\"v17\" class=\"cv\">aby Bo\u017e\u00ed \u010dlov\u011bk byl takov\u00fd, jak\u00fd m\u00e1 b\u00fdt, d\u016fkladn\u011b vystrojen\u00fd ke ka\u017ed\u00e9mu dobr\u00e9mu skutku. <\/span><\/em> (2. Tim 3:16-17)<\/li>\n<li>Nebe je m\u00edsto v\u011b\u010dn\u00e9 radosti, uct\u00edv\u00e1n\u00ed a Bo\u017e\u00ed p\u0159\u00edtomnosti. Nebe je skute\u010dn\u00fdm domovem ka\u017ed\u00e9ho znovuzrozen\u00e9ho k\u0159es\u0165ana. Nep\u0159edstaviteln\u011b kr\u00e1sn\u00e9 m\u00edsto, prost\u00e9 v\u0161ech stop h\u0159\u00edchu, s dokonal\u00fdm \u0159\u00e1dem, kter\u00fd B\u016fh stvo\u0159il na za\u010d\u00e1tku.<\/li>\n<li>Peklo je v\u011b\u010dn\u00e9 v\u011bzen\u00ed a m\u00edsto spravedliv\u00e9ho trestu. Bylo stvo\u0159eno pro \u010e\u00e1bla a dal\u0161\u00ed padl\u00e9 and\u011bly. A v\u0161ichni nespasen\u00ed lid\u00e9 m\u00ed\u0159\u00ed do tohoto stra\u0161liv\u00e9ho m\u00edsta.<\/li>\n<li>V\u0161ichni lid\u00e9 jsou od Adamova p\u00e1du\u00a0 p\u0159irozen\u011b h\u0159\u00ed\u0161n\u00ed a ka\u017ed\u00fd \u010dlov\u011bk h\u0159e\u0161\u00ed proti Bohu i sv\u00fdm bli\u017en\u00edm. Nen\u00ed \u017e\u00e1dn\u00fd zp\u016fsob, \u017e\u00e1dn\u00fd skutek, kter\u00fdm by se \u010dlov\u011bk p\u0159ed Bohem o\u010distil (nebo u\u010dinil m\u00e9n\u011b h\u0159\u00ed\u0161n\u00fdm).\u00a0 Jedin\u00fd zp\u016fsob jak doj\u00edt spasen\u00ed je vyznat sv\u00e9 h\u0159\u00edchy p\u0159ed Bohem a bezpodm\u00edne\u010dn\u011b p\u0159ijmout ob\u011b\u0165, kterou za n\u00e1s vykonal Je\u017e\u00ed\u0161 na k\u0159\u00ed\u017ei (Jan 14:6). <em>Vyzn\u00e1\u0161-li sv\u00fdmi \u00fasty, \u017ee Je\u017e\u00ed\u0161 je P\u00e1n, a uv\u011b\u0159\u00ed\u0161-li v\u00a0srdci, \u017ee ho B\u016fh vzk\u0159\u00edsil z mrtv\u00fdch, bude\u0161 spasen.\u00a0V\u00edra v srdci vede ke spravedlnosti, vyzn\u00e1n\u00ed \u00fasty pak vede ke sp\u00e1se.\u00a0V\u017edy\u0165 P\u00edsmo \u0159\u00edk\u00e1: \u201eKdokoli v\u00a0n\u011bj v\u011b\u0159\u00ed, se jist\u011b nezklame.\u201c<\/em> (\u0158\u00edman\u016fm 10:9-11). T\u00edm se \u010dlov\u011bk stane Bo\u017e\u00edm d\u00edt\u011btem, tak jak je zasl\u00edbeno.<\/li>\n<li>I kdy\u017e k\u0159est nem\u016f\u017ee spasit (a nepok\u0159t\u011bn\u00ed sp\u00e1se zabr\u00e1nit), je d\u016fle\u017eit\u00fdm znamen\u00edm jak pro bli\u017en\u00ed tak pro neviditeln\u00e9 duchovn\u00ed mocnosti. K\u0159est byl ustanoven Bohem. Prov\u00e1d\u00ed se pono\u0159en\u00edm nov\u00e9ho v\u011b\u0159\u00edc\u00edho do vody. K\u0159est symbolizuje smrt v\u016f\u010di h\u0159\u00edchu a po\u010d\u00e1tek nov\u00e9ho \u010dlov\u011bka.<\/li>\n<li>Vzk\u0159\u00ed\u0161en\u00ed je p\u0159ijet\u00ed nov\u00e9ho v\u011b\u010dn\u00e9ho t\u011bla. Nespasen\u00ed, aby byli souzeni a spasen\u00ed pro radostnou v\u011b\u010dnost s jejich Stvo\u0159itelem a Spasitelem.<\/li>\n<\/ol>\n<p>&nbsp;<\/p>\n<h4>English:<\/h4>\n<ol style=\"list-style-type: lower-greek;\">\n<li>God is sovereign creator of all universe, plants animals, spiritual beings and 6th day He created Man to His image. God is all knowing, all powerful, holy, just and immensely loving. He is in three persons of same essence (kind) \u2013 Father, Son and Holy Spirit.<\/li>\n<li>Jesus is second person of Trinity (Son). He willingly accepted His earthly mission. Born to virgin Mary as Messiah (Christ). He lived sinless obedient life, resisted to devil, performed unheard miracles (that proved He is God) and took death on the cross in place of us. He was resurrected third day and is sitting at God Father\u2019s right hand in Heaven. To perform His mission His incarnation is fully God and fully human (to be our kinsman redeemer)<\/li>\n<li>Bible is Gods Word, inerrant, infallible. <em>All Scripture is God-breathed and is useful for teaching, rebuking, correcting and training in righteousness, so that the servant of God[a] may be thoroughly equipped for every good work.<\/em> (2. Tim 3:16-17)<\/li>\n<li>Heaven is place of eternal joy, worship and residence of God. Heaven is true home to every born again christian. Place of unthinkable beauty, free of any trace of sin, with perfect order that God created originally.<\/li>\n<li>Hell is eternal prison and place of righteous punishment. It was made for the Devil and other fallen angels. And all unsaved people are heading toward this horrible place.<\/li>\n<li>All people are inherently sinful from time of Adam\u2019s fall and every single person sins against God and his\/her fellow men. There is no way, no deed that could make human being clean (or even less sinful) before face of God. Only way to get salvation is confessing our sins before face of God and unconditional acceptance of Jesus sacrifice on the cross (John 14:6). <em><em>If you confess with your mouth Jesus as Lord, and believe in your heart that God raised Him from the dead, you will be saved; for with the heart a person believes, resulting in righteousness, and with the mouth he confesses, resulting in salvation.\u00a0For the Scripture says, \u201c<\/em>WHOEVER BELIEVES IN HIM WILL NOT BE DISAPPOINTED.\u201d<\/em> (Romans 10:9-11). By that a person becomes child of God as promised.<\/li>\n<li>Although baptism cannot cause salvation (or lack of it prevent salvation), baptism is important sign before fellow men and invisible spiritual powers. It is ordained by God. It is done by immersion of new believer to the water. Baptism symbolizes death to sin and rise of new man.<\/li>\n<li>Resurrection is act of receiving new eternal body. Unsaved to being judged and saved to enjoy eternity with their Creator and Savior.<\/li>\n<\/ol>\n","protected":false},"excerpt":{"rendered":"<p>\u010cesky: B\u016fh je svrchovan\u00fdm stvo\u0159itelem cel\u00e9ho vesm\u00edru, rostlin, zv\u00ed\u0159at a duchovn\u00edch bytost\u00ed. \u0160est\u00e9ho dne B\u016fh stvo\u0159il \u010dlov\u011bka ke Sv\u00e9mu obrazu. B\u016fh je v\u0161ev\u011bdouc\u00ed, v\u0161emohouc\u00ed, svat\u00fd, spravedliv\u00fd a\u00a0 nesm\u00edrn\u011b miluj\u00edc\u00ed. Existuje ve t\u0159ech osob\u00e1ch stejn\u00e9 podstaty\u00a0 \u2013 Otec, Syn a Duch Svat\u00fd. Je\u017e\u00ed\u0161 je druhou osobou Trojice (Syn). Dobrovoln\u011b p\u0159ijal svou pozemskou \u00falohu. Narodil se pann\u011b &#8230; <span class=\"more\"><a class=\"more-link\" href=\"https:\/\/spaseni.info\/wordpress\/o-nas\/co-vyznavame-a-komu-verime\">[Read more&#8230;]<\/a><\/span><\/p>\n","protected":false},"author":1,"featured_media":0,"parent":2,"menu_order":0,"comment_status":"open","ping_status":"open","template":"","meta":{"footnotes":"","_mc_calendar":[]},"_links":{"self":[{"href":"https:\/\/spaseni.info\/wordpress\/wp-json\/wp\/v2\/pages\/109"}],"collection":[{"href":"https:\/\/spaseni.info\/wordpress\/wp-json\/wp\/v2\/pages"}],"about":[{"href":"https:\/\/spaseni.info\/wordpress\/wp-json\/wp\/v2\/types\/page"}],"author":[{"embeddable":true,"href":"https:\/\/spaseni.info\/wordpress\/wp-json\/wp\/v2\/users\/1"}],"replies":[{"embeddable":true,"href":"https:\/\/spaseni.info\/wordpress\/wp-json\/wp\/v2\/comments?post=109"}],"version-history":[{"count":17,"href":"https:\/\/spaseni.info\/wordpress\/wp-json\/wp\/v2\/pages\/109\/revisions"}],"predecessor-version":[{"id":147,"href":"https:\/\/spaseni.info\/wordpress\/wp-json\/wp\/v2\/pages\/109\/revisions\/147"}],"up":[{"embeddable":true,"href":"https:\/\/spaseni.info\/wordpress\/wp-json\/wp\/v2\/pages\/2"}],"wp:attachment":[{"href":"https:\/\/spaseni.info\/wordpress\/wp-json\/wp\/v2\/media?parent=109"}],"curies":[{"name":"wp","href":"https:\/\/api.w.org\/{rel}","templated":true}]}}